{"id":3,"date":"2024-02-02T07:07:56","date_gmt":"2024-02-02T10:07:56","guid":{"rendered":"https:\/\/zoopet.lu\/?page_id=3"},"modified":"2025-08-08T00:19:30","modified_gmt":"2025-08-08T03:19:30","slug":"politique-de-confidentialite-et-de-cookies","status":"publish","type":"page","link":"https:\/\/zoopet.lu\/pt\/politique-de-confidentialite-et-de-cookies\/","title":{"rendered":"Pol\u00edtica de Privacidade e Cookies"},"content":{"rendered":"<style>.elementor-3 .elementor-element.elementor-element-7f80fd5{--display:flex;--flex-direction:column;--container-widget-width:100%;--container-widget-height:initial;--container-widget-flex-grow:0;--container-widget-align-self:initial;--flex-wrap-mobile:wrap;--margin-top:0px;--margin-bottom:0px;--margin-left:0px;--margin-right:0px;--padding-top:50px;--padding-bottom:100px;--padding-left:0px;--padding-right:0px;}.elementor-3 .elementor-element.elementor-element-d8d4b3b .elementor-heading-title{font-family:\"Harrington\", Sans-serif;font-size:40px;}.elementor-3 .elementor-element.elementor-element-8d0f1dc .elementor-heading-title{font-family:\"Harrington\", Sans-serif;}.elementor-3 .elementor-element.elementor-element-6515891 > .elementor-widget-container{margin:0px 0px -15px 0px;}.elementor-3 .elementor-element.elementor-element-6515891{font-size:17px;}.elementor-3 .elementor-element.elementor-element-eb4c49d .elementor-heading-title{font-family:\"Harrington\", Sans-serif;}.elementor-3 .elementor-element.elementor-element-291cfe4 > .elementor-widget-container{margin:0px 0px -15px 0px;}.elementor-3 .elementor-element.elementor-element-291cfe4{font-size:17px;}.elementor-3 .elementor-element.elementor-element-eb0b064 .elementor-heading-title{font-family:\"Harrington\", Sans-serif;}.elementor-3 .elementor-element.elementor-element-03b59ad > .elementor-widget-container{margin:0px 0px -15px 0px;}.elementor-3 .elementor-element.elementor-element-03b59ad{font-size:17px;}.elementor-3 .elementor-element.elementor-element-a6135c7 .elementor-heading-title{font-family:\"Harrington\", Sans-serif;}.elementor-3 .elementor-element.elementor-element-4d3af19 > .elementor-widget-container{margin:0px 0px -15px 0px;}.elementor-3 .elementor-element.elementor-element-4d3af19{font-size:17px;}.elementor-3 .elementor-element.elementor-element-9bda055 .elementor-heading-title{font-family:\"Harrington\", Sans-serif;}.elementor-3 .elementor-element.elementor-element-3605da2 > .elementor-widget-container{margin:0px 0px -15px 0px;}.elementor-3 .elementor-element.elementor-element-3605da2{font-size:17px;}.elementor-3 .elementor-element.elementor-element-9a659ce .elementor-heading-title{font-family:\"Harrington\", Sans-serif;}.elementor-3 .elementor-element.elementor-element-04d874f > .elementor-widget-container{margin:0px 0px -15px 0px;}.elementor-3 .elementor-element.elementor-element-04d874f{font-size:17px;}.elementor-3 .elementor-element.elementor-element-c0bf107 .elementor-heading-title{font-family:\"Harrington\", Sans-serif;}.elementor-3 .elementor-element.elementor-element-49ba1ab > .elementor-widget-container{margin:0px 0px 0px 0px;}.elementor-3 .elementor-element.elementor-element-49ba1ab{font-size:17px;}.elementor-3 .elementor-element.elementor-element-f195298 .elementor-heading-title{font-family:\"Harrington\", Sans-serif;font-size:40px;}.elementor-3 .elementor-element.elementor-element-e2f5f8a .elementor-heading-title{font-family:\"Harrington\", Sans-serif;}.elementor-3 .elementor-element.elementor-element-4643ed7 > .elementor-widget-container{margin:0px 0px -15px 0px;}.elementor-3 .elementor-element.elementor-element-4643ed7{font-size:17px;}.elementor-3 .elementor-element.elementor-element-01888aa .elementor-heading-title{font-family:\"Harrington\", Sans-serif;}.elementor-3 .elementor-element.elementor-element-2dbf378 > .elementor-widget-container{margin:0px 0px -15px 0px;}.elementor-3 .elementor-element.elementor-element-2dbf378{font-size:17px;}.elementor-3 .elementor-element.elementor-element-ba137a7 .elementor-heading-title{font-family:\"Harrington\", Sans-serif;}.elementor-3 .elementor-element.elementor-element-e2c47f2 > .elementor-widget-container{margin:0px 0px -15px 0px;}.elementor-3 .elementor-element.elementor-element-e2c47f2{font-size:17px;}.elementor-3 .elementor-element.elementor-element-d776dc2 .elementor-heading-title{font-family:\"Harrington\", Sans-serif;}.elementor-3 .elementor-element.elementor-element-87717db > .elementor-widget-container{margin:0px 0px -15px 0px;}.elementor-3 .elementor-element.elementor-element-87717db{font-size:17px;}.elementor-3 .elementor-element.elementor-element-5a514b5 .elementor-heading-title{font-family:\"Harrington\", Sans-serif;}:root{--page-title-display:none;}@media(max-width:1024px){.elementor-3 .elementor-element.elementor-element-7f80fd5{--padding-top:60px;--padding-bottom:60px;--padding-left:30px;--padding-right:30px;}}@media(max-width:767px){.elementor-3 .elementor-element.elementor-element-7f80fd5{--padding-top:80px;--padding-bottom:100px;--padding-left:0px;--padding-right:0px;}.elementor-3 .elementor-element.elementor-element-d8d4b3b .elementor-heading-title{font-size:28px;}.elementor-3 .elementor-element.elementor-element-f195298 .elementor-heading-title{font-size:28px;}}\/* Start Custom Fonts CSS *\/@font-face {\n\tfont-family: 'Harrington';\n\tfont-style: normal;\n\tfont-weight: normal;\n\tfont-display: auto;\n\tsrc: url('https:\/\/zoopet.lu\/wp-content\/uploads\/2024\/02\/harrington.ttf') format('truetype');\n}\n\/* End Custom Fonts CSS *\/<\/style>\t\t<div data-elementor-type=\"wp-page\" data-elementor-id=\"3\" class=\"elementor elementor-3\" data-elementor-post-type=\"page\">\n\t\t\t\t<div class=\"elementor-element elementor-element-7f80fd5 e-flex e-con-boxed e-con e-parent\" data-id=\"7f80fd5\" data-element_type=\"container\">\n\t\t\t\t\t<div class=\"e-con-inner\">\n\t\t\t\t<div class=\"elementor-element elementor-element-d8d4b3b elementor-widget elementor-widget-heading\" data-id=\"d8d4b3b\" data-element_type=\"widget\" data-widget_type=\"heading.default\">\n\t\t\t\t<div class=\"elementor-widget-container\">\n\t\t\t\t\t<h2 class=\"elementor-heading-title elementor-size-default\">Pol\u00edtica de Privacidade e Cookies<\/h2>\t\t\t\t<\/div>\n\t\t\t\t<\/div>\n\t\t\t\t<div class=\"elementor-element elementor-element-8d0f1dc elementor-widget elementor-widget-heading\" data-id=\"8d0f1dc\" data-element_type=\"widget\" data-widget_type=\"heading.default\">\n\t\t\t\t<div class=\"elementor-widget-container\">\n\t\t\t\t\t<h2 class=\"elementor-heading-title elementor-size-default\">\u00c2mbito de aplica\u00e7\u00e3o<\/h2>\t\t\t\t<\/div>\n\t\t\t\t<\/div>\n\t\t\t\t<div class=\"elementor-element elementor-element-6515891 elementor-widget elementor-widget-text-editor\" data-id=\"6515891\" data-element_type=\"widget\" data-widget_type=\"text-editor.default\">\n\t\t\t\t<div class=\"elementor-widget-container\">\n\t\t\t\t\t\t\t\t\t<p data-start=\"251\" data-end=\"387\">A Zoopet respeita a privacidade de seus usu\u00e1rios e est\u00e1 comprometida em proteger seus dados pessoais.<\/p>\n<p data-start=\"389\" data-end=\"646\">Esta pol\u00edtica explica como coletamos, usamos, armazenamos e protegemos seus dados pessoais quando voc\u00ea visita nosso site <a class=\"\" href=\"https:\/\/zoopet.lu\/pt\/\" target=\"_new\" rel=\"noopener\" data-start=\"532\" data-end=\"570\">https:\/\/zoopet.lu<\/a>. Ela n\u00e3o se aplica a sites de terceiros acess\u00edveis por meio de links externos.<\/p>\t\t\t\t\t\t\t\t<\/div>\n\t\t\t\t<\/div>\n\t\t\t\t<div class=\"elementor-element elementor-element-eb4c49d elementor-widget elementor-widget-heading\" data-id=\"eb4c49d\" data-element_type=\"widget\" data-widget_type=\"heading.default\">\n\t\t\t\t<div class=\"elementor-widget-container\">\n\t\t\t\t\t<h2 class=\"elementor-heading-title elementor-size-default\">Detalhes de contato<\/h2>\t\t\t\t<\/div>\n\t\t\t\t<\/div>\n\t\t\t\t<div class=\"elementor-element elementor-element-291cfe4 elementor-widget elementor-widget-text-editor\" data-id=\"291cfe4\" data-element_type=\"widget\" data-widget_type=\"text-editor.default\">\n\t\t\t\t<div class=\"elementor-widget-container\">\n\t\t\t\t\t\t\t\t\t<ul>\n<li data-start=\"669\" data-end=\"732\">\n<p data-start=\"671\" data-end=\"732\"><strong data-start=\"671\" data-end=\"682\">Endere\u00e7o<\/strong> : 48, rue du Commerce, L-8220 Mamer, Luxembourg<\/p>\n<\/li>\n<li data-start=\"733\" data-end=\"763\">\n<p data-start=\"735\" data-end=\"763\"><strong data-start=\"735\" data-end=\"744\">E-mail<\/strong> : <a class=\"cursor-pointer\" rel=\"noopener\" data-start=\"747\" data-end=\"761\">info@zoopet.lu<\/a><\/p>\n<\/li>\n<li data-start=\"764\" data-end=\"798\">\n<p data-start=\"766\" data-end=\"798\"><strong data-start=\"766\" data-end=\"779\">Telefone<\/strong> : +352 621 577 741<\/p>\n<\/li>\n<\/ul>\t\t\t\t\t\t\t\t<\/div>\n\t\t\t\t<\/div>\n\t\t\t\t<div class=\"elementor-element elementor-element-eb0b064 elementor-widget elementor-widget-heading\" data-id=\"eb0b064\" data-element_type=\"widget\" data-widget_type=\"heading.default\">\n\t\t\t\t<div class=\"elementor-widget-container\">\n\t\t\t\t\t<h2 class=\"elementor-heading-title elementor-size-default\">Coleta e processamento de dados pessoais<\/h2>\t\t\t\t<\/div>\n\t\t\t\t<\/div>\n\t\t\t\t<div class=\"elementor-element elementor-element-03b59ad elementor-widget elementor-widget-text-editor\" data-id=\"03b59ad\" data-element_type=\"widget\" data-widget_type=\"text-editor.default\">\n\t\t\t\t<div class=\"elementor-widget-container\">\n\t\t\t\t\t\t\t\t\t<h4 data-start=\"858\" data-end=\"883\">Dados coletados:<\/h4>\n<ul data-start=\"884\" data-end=\"1102\">\n<li data-start=\"884\" data-end=\"982\">\n<p data-start=\"886\" data-end=\"982\">Atrav\u00e9s dos formul\u00e1rios de contacto ou de reserva: nome, email, n\u00famero de telefone, mensagem.<\/p>\n<\/li>\n<li data-start=\"983\" data-end=\"1102\">\n<p data-start=\"985\" data-end=\"1102\">Dados t\u00e9cnicos: endere\u00e7o IP, tipo de dispositivo, navegador, p\u00e1ginas visualizadas, dura\u00e7\u00e3o da visita (via cookies).<\/p>\n<\/li>\n<\/ul>\n<h4 data-start=\"1104\" data-end=\"1136\">Base legal para processamento:<\/h4>\n<ul>\n<li style=\"list-style-type: none;\">\n<ul data-start=\"1137\" data-end=\"1317\">\n<li data-start=\"1137\" data-end=\"1170\">\n<p data-start=\"1139\" data-end=\"1170\">Consentimento do usu\u00e1rio<\/p>\n<\/li>\n<li data-start=\"1171\" data-end=\"1226\">\n<p data-start=\"1173\" data-end=\"1226\">Execu\u00e7\u00e3o de um contrato ou medidas pr\u00e9-contratuais<\/p>\n<\/li>\n<li data-start=\"1227\" data-end=\"1250\">\n<p data-start=\"1229\" data-end=\"1250\">Obriga\u00e7\u00f5es legais<\/p>\n<\/li>\n<li data-start=\"1251\" data-end=\"1317\">\n<p data-start=\"1253\" data-end=\"1317\">Interesse leg\u00edtimo (por exemplo, melhoria do servi\u00e7o, seguran\u00e7a do site)<\/p>\n<\/li>\n<\/ul>\n<\/li>\n<\/ul>\t\t\t\t\t\t\t\t<\/div>\n\t\t\t\t<\/div>\n\t\t\t\t<div class=\"elementor-element elementor-element-a6135c7 elementor-widget elementor-widget-heading\" data-id=\"a6135c7\" data-element_type=\"widget\" data-widget_type=\"heading.default\">\n\t\t\t\t<div class=\"elementor-widget-container\">\n\t\t\t\t\t<h2 class=\"elementor-heading-title elementor-size-default\">Finalidades do processamento<\/h2>\t\t\t\t<\/div>\n\t\t\t\t<\/div>\n\t\t\t\t<div class=\"elementor-element elementor-element-4d3af19 elementor-widget elementor-widget-text-editor\" data-id=\"4d3af19\" data-element_type=\"widget\" data-widget_type=\"text-editor.default\">\n\t\t\t\t<div class=\"elementor-widget-container\">\n\t\t\t\t\t\t\t\t\t<p data-start=\"1352\" data-end=\"1396\">Os dados coletados s\u00e3o utilizados para:<\/p>\n<ul data-start=\"1398\" data-end=\"1603\">\n<li data-start=\"1398\" data-end=\"1462\">\n<p data-start=\"1400\" data-end=\"1462\">Processar solicita\u00e7\u00f5es de contato e agendamentos de consultas<\/p>\n<\/li>\n<li data-start=\"1463\" data-end=\"1527\">\n<p data-start=\"1465\" data-end=\"1527\">Enviar confirma\u00e7\u00f5es e informa\u00e7\u00f5es relacionadas aos servi\u00e7os<\/p>\n<\/li>\n<li data-start=\"1528\" data-end=\"1567\">\n<p data-start=\"1530\" data-end=\"1567\">Melhore a navega\u00e7\u00e3o do site<\/p>\n<\/li>\n<li data-start=\"1568\" data-end=\"1603\">\n<p data-start=\"1570\" data-end=\"1603\">Cumprir com as nossas obriga\u00e7\u00f5es legais<\/p>\n<\/li>\n<\/ul>\t\t\t\t\t\t\t\t<\/div>\n\t\t\t\t<\/div>\n\t\t\t\t<div class=\"elementor-element elementor-element-9bda055 elementor-widget elementor-widget-heading\" data-id=\"9bda055\" data-element_type=\"widget\" data-widget_type=\"heading.default\">\n\t\t\t\t<div class=\"elementor-widget-container\">\n\t\t\t\t\t<h2 class=\"elementor-heading-title elementor-size-default\">Per\u00edodo de reten\u00e7\u00e3o<\/h2>\t\t\t\t<\/div>\n\t\t\t\t<\/div>\n\t\t\t\t<div class=\"elementor-element elementor-element-3605da2 elementor-widget elementor-widget-text-editor\" data-id=\"3605da2\" data-element_type=\"widget\" data-widget_type=\"text-editor.default\">\n\t\t\t\t<div class=\"elementor-widget-container\">\n\t\t\t\t\t\t\t\t\t<p data-start=\"1352\" data-end=\"1396\">Os dados pessoais s\u00e3o conservados apenas pelo per\u00edodo necess\u00e1rio para as finalidades descritas ou de acordo com exig\u00eancias legais.<\/p>\t\t\t\t\t\t\t\t<\/div>\n\t\t\t\t<\/div>\n\t\t\t\t<div class=\"elementor-element elementor-element-9a659ce elementor-widget elementor-widget-heading\" data-id=\"9a659ce\" data-element_type=\"widget\" data-widget_type=\"heading.default\">\n\t\t\t\t<div class=\"elementor-widget-container\">\n\t\t\t\t\t<h2 class=\"elementor-heading-title elementor-size-default\">Direitos do titular dos dados<\/h2>\t\t\t\t<\/div>\n\t\t\t\t<\/div>\n\t\t\t\t<div class=\"elementor-element elementor-element-04d874f elementor-widget elementor-widget-text-editor\" data-id=\"04d874f\" data-element_type=\"widget\" data-widget_type=\"text-editor.default\">\n\t\t\t\t<div class=\"elementor-widget-container\">\n\t\t\t\t\t\t\t\t\t<p data-start=\"1820\" data-end=\"1927\">De acordo com o Regulamento Geral de Prote\u00e7\u00e3o de Dados (GDPR), voc\u00ea tem os seguintes direitos:<\/p>\n<ul data-start=\"1929\" data-end=\"2189\">\n<li data-start=\"1929\" data-end=\"1967\">\n<p data-start=\"1931\" data-end=\"1967\">Acesse seus dados pessoais<\/p>\n<\/li>\n<li data-start=\"1968\" data-end=\"2020\">\n<p data-start=\"1970\" data-end=\"2020\">Retificar ou atualizar dados imprecisos<\/p>\n<\/li>\n<li data-start=\"2021\" data-end=\"2061\">\n<p data-start=\"2023\" data-end=\"2061\">Solicitar a elimina\u00e7\u00e3o dos seus dados<\/p>\n<\/li>\n<li data-start=\"2062\" data-end=\"2103\">\n<p data-start=\"2064\" data-end=\"2103\">Limitar ou opor-se ao processamento<\/p>\n<\/li>\n<li data-start=\"2104\" data-end=\"2148\">\n<p data-start=\"2106\" data-end=\"2148\">Retire seu consentimento a qualquer momento<\/p>\n<\/li>\n<li data-start=\"2149\" data-end=\"2189\">\n<p data-start=\"2151\" data-end=\"2189\">Solicite a portabilidade dos seus dados<\/p>\n<\/li>\n<\/ul>\n<p data-start=\"2191\" data-end=\"2253\">Para exercer estes direitos, entre em contato conosco em: <a class=\"cursor-pointer\" rel=\"noopener\" data-start=\"2237\" data-end=\"2251\">info@zoopet.lu<\/a><\/p>\t\t\t\t\t\t\t\t<\/div>\n\t\t\t\t<\/div>\n\t\t\t\t<div class=\"elementor-element elementor-element-c0bf107 elementor-widget elementor-widget-heading\" data-id=\"c0bf107\" data-element_type=\"widget\" data-widget_type=\"heading.default\">\n\t\t\t\t<div class=\"elementor-widget-container\">\n\t\t\t\t\t<h2 class=\"elementor-heading-title elementor-size-default\">Seguran\u00e7a e Privacidade<\/h2>\t\t\t\t<\/div>\n\t\t\t\t<\/div>\n\t\t\t\t<div class=\"elementor-element elementor-element-49ba1ab elementor-widget elementor-widget-text-editor\" data-id=\"49ba1ab\" data-element_type=\"widget\" data-widget_type=\"text-editor.default\">\n\t\t\t\t<div class=\"elementor-widget-container\">\n\t\t\t\t\t\t\t\t\t<p data-start=\"1820\" data-end=\"1927\">Implementamos medidas t\u00e9cnicas e organizacionais adequadas para proteger seus dados pessoais. No entanto, nenhuma transmiss\u00e3o pela internet \u00e9 totalmente segura.<\/p>\t\t\t\t\t\t\t\t<\/div>\n\t\t\t\t<\/div>\n\t\t\t\t<div class=\"elementor-element elementor-element-f195298 elementor-widget elementor-widget-heading\" data-id=\"f195298\" data-element_type=\"widget\" data-widget_type=\"heading.default\">\n\t\t\t\t<div class=\"elementor-widget-container\">\n\t\t\t\t\t<h2 class=\"elementor-heading-title elementor-size-default\">Pol\u00edtica de Cookies<\/h2>\t\t\t\t<\/div>\n\t\t\t\t<\/div>\n\t\t\t\t<div class=\"elementor-element elementor-element-e2f5f8a elementor-widget elementor-widget-heading\" data-id=\"e2f5f8a\" data-element_type=\"widget\" data-widget_type=\"heading.default\">\n\t\t\t\t<div class=\"elementor-widget-container\">\n\t\t\t\t\t<h2 class=\"elementor-heading-title elementor-size-default\">O que s\u00e3o cookies?<\/h2>\t\t\t\t<\/div>\n\t\t\t\t<\/div>\n\t\t\t\t<div class=\"elementor-element elementor-element-4643ed7 elementor-widget elementor-widget-text-editor\" data-id=\"4643ed7\" data-element_type=\"widget\" data-widget_type=\"text-editor.default\">\n\t\t\t\t<div class=\"elementor-widget-container\">\n\t\t\t\t\t\t\t\t\t<p data-start=\"1820\" data-end=\"1927\">Cookies s\u00e3o pequenos arquivos de texto armazenados no seu navegador quando voc\u00ea visita um site. Eles ajudam a melhorar sua experi\u00eancia de navega\u00e7\u00e3o, medir a audi\u00eancia do site e personalizar o conte\u00fado exibido.<\/p>\t\t\t\t\t\t\t\t<\/div>\n\t\t\t\t<\/div>\n\t\t\t\t<div class=\"elementor-element elementor-element-01888aa elementor-widget elementor-widget-heading\" data-id=\"01888aa\" data-element_type=\"widget\" data-widget_type=\"heading.default\">\n\t\t\t\t<div class=\"elementor-widget-container\">\n\t\t\t\t\t<h2 class=\"elementor-heading-title elementor-size-default\">Tipos de cookies utilizados:<\/h2>\t\t\t\t<\/div>\n\t\t\t\t<\/div>\n\t\t\t\t<div class=\"elementor-element elementor-element-2dbf378 elementor-widget elementor-widget-text-editor\" data-id=\"2dbf378\" data-element_type=\"widget\" data-widget_type=\"text-editor.default\">\n\t\t\t\t<div class=\"elementor-widget-container\">\n\t\t\t\t\t\t\t\t\t<ul>\n<li data-start=\"2810\" data-end=\"2880\">\n<p data-start=\"2812\" data-end=\"2880\">Cookies essenciais: necess\u00e1rios para o bom funcionamento do site<\/p>\n<\/li>\n<li data-start=\"2881\" data-end=\"3000\">\n<p data-start=\"2883\" data-end=\"3000\">Cookies anal\u00edticos: para entender como os visitantes interagem com o site (por exemplo, Google Analytics)<\/p>\n<\/li>\n<li data-start=\"3001\" data-end=\"3062\">\n<p data-start=\"3003\" data-end=\"3062\">Cookies funcionais: para lembrar suas prefer\u00eancias<\/p>\n<\/li>\n<li data-start=\"3063\" data-end=\"3150\">\n<p data-start=\"3065\" data-end=\"3150\">Cookies de publicidade: para lhe oferecer publicidade direcionada (se aplic\u00e1vel)<\/p>\n<\/li>\n<\/ul>\t\t\t\t\t\t\t\t<\/div>\n\t\t\t\t<\/div>\n\t\t\t\t<div class=\"elementor-element elementor-element-ba137a7 elementor-widget elementor-widget-heading\" data-id=\"ba137a7\" data-element_type=\"widget\" data-widget_type=\"heading.default\">\n\t\t\t\t<div class=\"elementor-widget-container\">\n\t\t\t\t\t<h2 class=\"elementor-heading-title elementor-size-default\">Consentimento<\/h2>\t\t\t\t<\/div>\n\t\t\t\t<\/div>\n\t\t\t\t<div class=\"elementor-element elementor-element-e2c47f2 elementor-widget elementor-widget-text-editor\" data-id=\"e2c47f2\" data-element_type=\"widget\" data-widget_type=\"text-editor.default\">\n\t\t\t\t<div class=\"elementor-widget-container\">\n\t\t\t\t\t\t\t\t\t<p data-start=\"3174\" data-end=\"3287\">Ao visitar nosso site pela primeira vez, um banner o informar\u00e1 sobre o uso de cookies. Voc\u00ea pode:<\/p>\n<ul data-start=\"3289\" data-end=\"3395\">\n<li data-start=\"3289\" data-end=\"3318\">\n<p data-start=\"3291\" data-end=\"3318\">Aceitar todos os cookies<\/p>\n<\/li>\n<li data-start=\"3319\" data-end=\"3357\">\n<p data-start=\"3321\" data-end=\"3357\">Recusar cookies n\u00e3o essenciais<\/p>\n<\/li>\n<li data-start=\"3358\" data-end=\"3395\">\n<p data-start=\"3360\" data-end=\"3395\">Gerencie suas prefer\u00eancias por categoria<\/p>\n<\/li>\n<\/ul>\n<p data-start=\"3397\" data-end=\"3476\">Voc\u00ea tamb\u00e9m pode configurar cookies diretamente no seu navegador.<\/p>\t\t\t\t\t\t\t\t<\/div>\n\t\t\t\t<\/div>\n\t\t\t\t<div class=\"elementor-element elementor-element-d776dc2 elementor-widget elementor-widget-heading\" data-id=\"d776dc2\" data-element_type=\"widget\" data-widget_type=\"heading.default\">\n\t\t\t\t<div class=\"elementor-widget-container\">\n\t\t\t\t\t<h2 class=\"elementor-heading-title elementor-size-default\">Cookies de terceiros<\/h2>\t\t\t\t<\/div>\n\t\t\t\t<\/div>\n\t\t\t\t<div class=\"elementor-element elementor-element-87717db elementor-widget elementor-widget-text-editor\" data-id=\"87717db\" data-element_type=\"widget\" data-widget_type=\"text-editor.default\">\n\t\t\t\t<div class=\"elementor-widget-container\">\n\t\t\t\t\t\t\t\t\t<p data-start=\"3174\" data-end=\"3287\">Utilizamos servi\u00e7os externos (como Google, Meta, YouTube) que podem inserir cookies no seu navegador. Esses cookies est\u00e3o sujeitos \u00e0s suas pr\u00f3prias pol\u00edticas de privacidade.<\/p>\t\t\t\t\t\t\t\t<\/div>\n\t\t\t\t<\/div>\n\t\t\t\t<div class=\"elementor-element elementor-element-5a514b5 elementor-widget elementor-widget-heading\" data-id=\"5a514b5\" data-element_type=\"widget\" data-widget_type=\"heading.default\">\n\t\t\t\t<div class=\"elementor-widget-container\">\n\t\t\t\t\t<h2 class=\"elementor-heading-title elementor-size-default\">Zoopet Luxemburgo, 8 de agosto de 2025<\/h2>\t\t\t\t<\/div>\n\t\t\t\t<\/div>\n\t\t\t\t\t<\/div>\n\t\t\t\t<\/div>\n\t\t\t\t<\/div>","protected":false},"excerpt":{"rendered":"<p>Politique de Confidentialit\u00e9 et de Cookies Champ d\u2019application Zoopet respecte la vie priv\u00e9e de ses utilisateurs et s&rsquo;engage \u00e0 prot\u00e9ger [&hellip;]<\/p>","protected":false},"author":1,"featured_media":0,"parent":0,"menu_order":0,"comment_status":"closed","ping_status":"closed","template":"","meta":{"site-sidebar-layout":"default","site-content-layout":"","ast-site-content-layout":"default","site-content-style":"default","site-sidebar-style":"default","ast-global-header-display":"","ast-banner-title-visibility":"","ast-main-header-display":"","ast-hfb-above-header-display":"","ast-hfb-below-header-display":"","ast-hfb-mobile-header-display":"","site-post-title":"","ast-breadcrumbs-content":"","ast-featured-img":"","footer-sml-layout":"","theme-transparent-header-meta":"","adv-header-id-meta":"","stick-header-meta":"","header-above-stick-meta":"","header-main-stick-meta":"","header-below-stick-meta":"","astra-migrate-meta-layouts":"default","ast-page-background-enabled":"default","ast-page-background-meta":{"desktop":{"background-color":"var(--ast-global-color-4)","background-image":"","background-repeat":"repeat","background-position":"center center","background-size":"auto","background-attachment":"scroll","background-type":"","background-media":"","overlay-type":"","overlay-color":"","overlay-opacity":"","overlay-gradient":""},"tablet":{"background-color":"","background-image":"","background-repeat":"repeat","background-position":"center center","background-size":"auto","background-attachment":"scroll","background-type":"","background-media":"","overlay-type":"","overlay-color":"","overlay-opacity":"","overlay-gradient":""},"mobile":{"background-color":"","background-image":"","background-repeat":"repeat","background-position":"center center","background-size":"auto","background-attachment":"scroll","background-type":"","background-media":"","overlay-type":"","overlay-color":"","overlay-opacity":"","overlay-gradient":""}},"ast-content-background-meta":{"desktop":{"background-color":"var(--ast-global-color-5)","background-image":"","background-repeat":"repeat","background-position":"center center","background-size":"auto","background-attachment":"scroll","background-type":"","background-media":"","overlay-type":"","overlay-color":"","overlay-opacity":"","overlay-gradient":""},"tablet":{"background-color":"var(--ast-global-color-5)","background-image":"","background-repeat":"repeat","background-position":"center center","background-size":"auto","background-attachment":"scroll","background-type":"","background-media":"","overlay-type":"","overlay-color":"","overlay-opacity":"","overlay-gradient":""},"mobile":{"background-color":"var(--ast-global-color-5)","background-image":"","background-repeat":"repeat","background-position":"center center","background-size":"auto","background-attachment":"scroll","background-type":"","background-media":"","overlay-type":"","overlay-color":"","overlay-opacity":"","overlay-gradient":""}},"footnotes":""},"class_list":["post-3","page","type-page","status-publish","hentry"],"_links":{"self":[{"href":"https:\/\/zoopet.lu\/pt\/wp-json\/wp\/v2\/pages\/3","targetHints":{"allow":["GET"]}}],"collection":[{"href":"https:\/\/zoopet.lu\/pt\/wp-json\/wp\/v2\/pages"}],"about":[{"href":"https:\/\/zoopet.lu\/pt\/wp-json\/wp\/v2\/types\/page"}],"author":[{"embeddable":true,"href":"https:\/\/zoopet.lu\/pt\/wp-json\/wp\/v2\/users\/1"}],"replies":[{"embeddable":true,"href":"https:\/\/zoopet.lu\/pt\/wp-json\/wp\/v2\/comments?post=3"}],"version-history":[{"count":49,"href":"https:\/\/zoopet.lu\/pt\/wp-json\/wp\/v2\/pages\/3\/revisions"}],"predecessor-version":[{"id":1123,"href":"https:\/\/zoopet.lu\/pt\/wp-json\/wp\/v2\/pages\/3\/revisions\/1123"}],"wp:attachment":[{"href":"https:\/\/zoopet.lu\/pt\/wp-json\/wp\/v2\/media?parent=3"}],"curies":[{"name":"wp","href":"https:\/\/api.w.org\/{rel}","templated":true}]}}