{"id":3,"date":"2024-02-02T07:07:56","date_gmt":"2024-02-02T10:07:56","guid":{"rendered":"https:\/\/zoopet.lu\/?page_id=3"},"modified":"2025-08-08T00:19:30","modified_gmt":"2025-08-08T03:19:30","slug":"politique-de-confidentialite-et-de-cookies","status":"publish","type":"page","link":"https:\/\/zoopet.lu\/de\/politique-de-confidentialite-et-de-cookies\/","title":{"rendered":"Datenschutz- und Cookie-Richtlinien"},"content":{"rendered":"<style>.elementor-3 .elementor-element.elementor-element-7f80fd5{--display:flex;--flex-direction:column;--container-widget-width:100%;--container-widget-height:initial;--container-widget-flex-grow:0;--container-widget-align-self:initial;--flex-wrap-mobile:wrap;--margin-top:0px;--margin-bottom:0px;--margin-left:0px;--margin-right:0px;--padding-top:50px;--padding-bottom:100px;--padding-left:0px;--padding-right:0px;}.elementor-3 .elementor-element.elementor-element-d8d4b3b .elementor-heading-title{font-family:\"Harrington\", Sans-serif;font-size:40px;}.elementor-3 .elementor-element.elementor-element-8d0f1dc .elementor-heading-title{font-family:\"Harrington\", Sans-serif;}.elementor-3 .elementor-element.elementor-element-6515891 > .elementor-widget-container{margin:0px 0px -15px 0px;}.elementor-3 .elementor-element.elementor-element-6515891{font-size:17px;}.elementor-3 .elementor-element.elementor-element-eb4c49d .elementor-heading-title{font-family:\"Harrington\", Sans-serif;}.elementor-3 .elementor-element.elementor-element-291cfe4 > .elementor-widget-container{margin:0px 0px -15px 0px;}.elementor-3 .elementor-element.elementor-element-291cfe4{font-size:17px;}.elementor-3 .elementor-element.elementor-element-eb0b064 .elementor-heading-title{font-family:\"Harrington\", Sans-serif;}.elementor-3 .elementor-element.elementor-element-03b59ad > .elementor-widget-container{margin:0px 0px -15px 0px;}.elementor-3 .elementor-element.elementor-element-03b59ad{font-size:17px;}.elementor-3 .elementor-element.elementor-element-a6135c7 .elementor-heading-title{font-family:\"Harrington\", Sans-serif;}.elementor-3 .elementor-element.elementor-element-4d3af19 > .elementor-widget-container{margin:0px 0px -15px 0px;}.elementor-3 .elementor-element.elementor-element-4d3af19{font-size:17px;}.elementor-3 .elementor-element.elementor-element-9bda055 .elementor-heading-title{font-family:\"Harrington\", Sans-serif;}.elementor-3 .elementor-element.elementor-element-3605da2 > .elementor-widget-container{margin:0px 0px -15px 0px;}.elementor-3 .elementor-element.elementor-element-3605da2{font-size:17px;}.elementor-3 .elementor-element.elementor-element-9a659ce .elementor-heading-title{font-family:\"Harrington\", Sans-serif;}.elementor-3 .elementor-element.elementor-element-04d874f > .elementor-widget-container{margin:0px 0px -15px 0px;}.elementor-3 .elementor-element.elementor-element-04d874f{font-size:17px;}.elementor-3 .elementor-element.elementor-element-c0bf107 .elementor-heading-title{font-family:\"Harrington\", Sans-serif;}.elementor-3 .elementor-element.elementor-element-49ba1ab > .elementor-widget-container{margin:0px 0px 0px 0px;}.elementor-3 .elementor-element.elementor-element-49ba1ab{font-size:17px;}.elementor-3 .elementor-element.elementor-element-f195298 .elementor-heading-title{font-family:\"Harrington\", Sans-serif;font-size:40px;}.elementor-3 .elementor-element.elementor-element-e2f5f8a .elementor-heading-title{font-family:\"Harrington\", Sans-serif;}.elementor-3 .elementor-element.elementor-element-4643ed7 > .elementor-widget-container{margin:0px 0px -15px 0px;}.elementor-3 .elementor-element.elementor-element-4643ed7{font-size:17px;}.elementor-3 .elementor-element.elementor-element-01888aa .elementor-heading-title{font-family:\"Harrington\", Sans-serif;}.elementor-3 .elementor-element.elementor-element-2dbf378 > .elementor-widget-container{margin:0px 0px -15px 0px;}.elementor-3 .elementor-element.elementor-element-2dbf378{font-size:17px;}.elementor-3 .elementor-element.elementor-element-ba137a7 .elementor-heading-title{font-family:\"Harrington\", Sans-serif;}.elementor-3 .elementor-element.elementor-element-e2c47f2 > .elementor-widget-container{margin:0px 0px -15px 0px;}.elementor-3 .elementor-element.elementor-element-e2c47f2{font-size:17px;}.elementor-3 .elementor-element.elementor-element-d776dc2 .elementor-heading-title{font-family:\"Harrington\", Sans-serif;}.elementor-3 .elementor-element.elementor-element-87717db > .elementor-widget-container{margin:0px 0px -15px 0px;}.elementor-3 .elementor-element.elementor-element-87717db{font-size:17px;}.elementor-3 .elementor-element.elementor-element-5a514b5 .elementor-heading-title{font-family:\"Harrington\", Sans-serif;}:root{--page-title-display:none;}@media(max-width:1024px){.elementor-3 .elementor-element.elementor-element-7f80fd5{--padding-top:60px;--padding-bottom:60px;--padding-left:30px;--padding-right:30px;}}@media(max-width:767px){.elementor-3 .elementor-element.elementor-element-7f80fd5{--padding-top:80px;--padding-bottom:100px;--padding-left:0px;--padding-right:0px;}.elementor-3 .elementor-element.elementor-element-d8d4b3b .elementor-heading-title{font-size:28px;}.elementor-3 .elementor-element.elementor-element-f195298 .elementor-heading-title{font-size:28px;}}\/* Start Custom Fonts CSS *\/@font-face {\n\tfont-family: 'Harrington';\n\tfont-style: normal;\n\tfont-weight: normal;\n\tfont-display: auto;\n\tsrc: url('https:\/\/zoopet.lu\/wp-content\/uploads\/2024\/02\/harrington.ttf') format('truetype');\n}\n\/* End Custom Fonts CSS *\/<\/style>\t\t<div data-elementor-type=\"wp-page\" data-elementor-id=\"3\" class=\"elementor elementor-3\" data-elementor-post-type=\"page\">\n\t\t\t\t<div class=\"elementor-element elementor-element-7f80fd5 e-flex e-con-boxed e-con e-parent\" data-id=\"7f80fd5\" data-element_type=\"container\">\n\t\t\t\t\t<div class=\"e-con-inner\">\n\t\t\t\t<div class=\"elementor-element elementor-element-d8d4b3b elementor-widget elementor-widget-heading\" data-id=\"d8d4b3b\" data-element_type=\"widget\" data-widget_type=\"heading.default\">\n\t\t\t\t<div class=\"elementor-widget-container\">\n\t\t\t\t\t<h2 class=\"elementor-heading-title elementor-size-default\">Datenschutz- und Cookie-Richtlinien<\/h2>\t\t\t\t<\/div>\n\t\t\t\t<\/div>\n\t\t\t\t<div class=\"elementor-element elementor-element-8d0f1dc elementor-widget elementor-widget-heading\" data-id=\"8d0f1dc\" data-element_type=\"widget\" data-widget_type=\"heading.default\">\n\t\t\t\t<div class=\"elementor-widget-container\">\n\t\t\t\t\t<h2 class=\"elementor-heading-title elementor-size-default\">Geltungsbereich<\/h2>\t\t\t\t<\/div>\n\t\t\t\t<\/div>\n\t\t\t\t<div class=\"elementor-element elementor-element-6515891 elementor-widget elementor-widget-text-editor\" data-id=\"6515891\" data-element_type=\"widget\" data-widget_type=\"text-editor.default\">\n\t\t\t\t<div class=\"elementor-widget-container\">\n\t\t\t\t\t\t\t\t\t<p data-start=\"251\" data-end=\"387\">Zoopet respektiert die Privatsph\u00e4re seiner Benutzer und verpflichtet sich, ihre pers\u00f6nlichen Daten zu sch\u00fctzen.<\/p>\n<p data-start=\"389\" data-end=\"646\">Diese Richtlinie erl\u00e4utert, wie wir Ihre personenbezogenen Daten beim Besuch unserer Website <a class=\"\" href=\"https:\/\/zoopet.lu\/de\/\" target=\"_new\" rel=\"noopener\" data-start=\"532\" data-end=\"570\">https:\/\/zoopet.lu<\/a>erheben, verwenden, speichern und sch\u00fctzen . Sie gilt nicht f\u00fcr Websites Dritter, die \u00fcber externe Links erreichbar sind.<\/p>\t\t\t\t\t\t\t\t<\/div>\n\t\t\t\t<\/div>\n\t\t\t\t<div class=\"elementor-element elementor-element-eb4c49d elementor-widget elementor-widget-heading\" data-id=\"eb4c49d\" data-element_type=\"widget\" data-widget_type=\"heading.default\">\n\t\t\t\t<div class=\"elementor-widget-container\">\n\t\t\t\t\t<h2 class=\"elementor-heading-title elementor-size-default\">Kontaktdetails<\/h2>\t\t\t\t<\/div>\n\t\t\t\t<\/div>\n\t\t\t\t<div class=\"elementor-element elementor-element-291cfe4 elementor-widget elementor-widget-text-editor\" data-id=\"291cfe4\" data-element_type=\"widget\" data-widget_type=\"text-editor.default\">\n\t\t\t\t<div class=\"elementor-widget-container\">\n\t\t\t\t\t\t\t\t\t<ul>\n<li data-start=\"669\" data-end=\"732\">\n<p data-start=\"671\" data-end=\"732\"><strong data-start=\"671\" data-end=\"682\">Adresse<\/strong> : 48, rue du Commerce, L-8220 Mamer, Luxembourg<\/p>\n<\/li>\n<li data-start=\"733\" data-end=\"763\">\n<p data-start=\"735\" data-end=\"763\"><strong data-start=\"735\" data-end=\"744\">Email<\/strong> : <a class=\"cursor-pointer\" rel=\"noopener\" data-start=\"747\" data-end=\"761\">info@zoopet.lu<\/a><\/p>\n<\/li>\n<li data-start=\"764\" data-end=\"798\">\n<p data-start=\"766\" data-end=\"798\"><strong data-start=\"766\" data-end=\"779\">Telefon<\/strong> : +352 621 577 741<\/p>\n<\/li>\n<\/ul>\t\t\t\t\t\t\t\t<\/div>\n\t\t\t\t<\/div>\n\t\t\t\t<div class=\"elementor-element elementor-element-eb0b064 elementor-widget elementor-widget-heading\" data-id=\"eb0b064\" data-element_type=\"widget\" data-widget_type=\"heading.default\">\n\t\t\t\t<div class=\"elementor-widget-container\">\n\t\t\t\t\t<h2 class=\"elementor-heading-title elementor-size-default\">Erhebung und Verarbeitung personenbezogener Daten<\/h2>\t\t\t\t<\/div>\n\t\t\t\t<\/div>\n\t\t\t\t<div class=\"elementor-element elementor-element-03b59ad elementor-widget elementor-widget-text-editor\" data-id=\"03b59ad\" data-element_type=\"widget\" data-widget_type=\"text-editor.default\">\n\t\t\t\t<div class=\"elementor-widget-container\">\n\t\t\t\t\t\t\t\t\t<h4 data-start=\"858\" data-end=\"883\">Erfasste Daten:<\/h4>\n<ul data-start=\"884\" data-end=\"1102\">\n<li data-start=\"884\" data-end=\"982\">\n<p data-start=\"886\" data-end=\"982\">\u00dcber das Kontakt- oder Reservierungsformular: Name, E-Mail, Telefonnummer, Nachricht.<\/p>\n<\/li>\n<li data-start=\"983\" data-end=\"1102\">\n<p data-start=\"985\" data-end=\"1102\">Technische Daten: IP-Adresse, Ger\u00e4tetyp, Browser, aufgerufene Seiten, Besuchsdauer (\u00fcber Cookies).<\/p>\n<\/li>\n<\/ul>\n<h4 data-start=\"1104\" data-end=\"1136\">Rechtsgrundlage der Verarbeitung:<\/h4>\n<ul>\n<li style=\"list-style-type: none;\">\n<ul data-start=\"1137\" data-end=\"1317\">\n<li data-start=\"1137\" data-end=\"1170\">\n<p data-start=\"1139\" data-end=\"1170\">Zustimmung des Benutzers<\/p>\n<\/li>\n<li data-start=\"1171\" data-end=\"1226\">\n<p data-start=\"1173\" data-end=\"1226\">Erf\u00fcllung eines Vertrags oder vorvertraglicher Ma\u00dfnahmen<\/p>\n<\/li>\n<li data-start=\"1227\" data-end=\"1250\">\n<p data-start=\"1229\" data-end=\"1250\">Rechtliche Verpflichtungen<\/p>\n<\/li>\n<li data-start=\"1251\" data-end=\"1317\">\n<p data-start=\"1253\" data-end=\"1317\">Berechtigtes Interesse (z. B. Serviceverbesserung, Standortsicherheit)<\/p>\n<\/li>\n<\/ul>\n<\/li>\n<\/ul>\t\t\t\t\t\t\t\t<\/div>\n\t\t\t\t<\/div>\n\t\t\t\t<div class=\"elementor-element elementor-element-a6135c7 elementor-widget elementor-widget-heading\" data-id=\"a6135c7\" data-element_type=\"widget\" data-widget_type=\"heading.default\">\n\t\t\t\t<div class=\"elementor-widget-container\">\n\t\t\t\t\t<h2 class=\"elementor-heading-title elementor-size-default\">Zwecke der Verarbeitung<\/h2>\t\t\t\t<\/div>\n\t\t\t\t<\/div>\n\t\t\t\t<div class=\"elementor-element elementor-element-4d3af19 elementor-widget elementor-widget-text-editor\" data-id=\"4d3af19\" data-element_type=\"widget\" data-widget_type=\"text-editor.default\">\n\t\t\t\t<div class=\"elementor-widget-container\">\n\t\t\t\t\t\t\t\t\t<p data-start=\"1352\" data-end=\"1396\">Die erhobenen Daten werden verwendet f\u00fcr:<\/p>\n<ul data-start=\"1398\" data-end=\"1603\">\n<li data-start=\"1398\" data-end=\"1462\">\n<p data-start=\"1400\" data-end=\"1462\">Bearbeitung von Kontaktanfragen und Terminbuchungen<\/p>\n<\/li>\n<li data-start=\"1463\" data-end=\"1527\">\n<p data-start=\"1465\" data-end=\"1527\">Senden Sie Best\u00e4tigungen und Informationen zu Dienstleistungen<\/p>\n<\/li>\n<li data-start=\"1528\" data-end=\"1567\">\n<p data-start=\"1530\" data-end=\"1567\">Verbessern Sie die Site-Navigation<\/p>\n<\/li>\n<li data-start=\"1568\" data-end=\"1603\">\n<p data-start=\"1570\" data-end=\"1603\">Einhaltung unserer gesetzlichen Verpflichtungen<\/p>\n<\/li>\n<\/ul>\t\t\t\t\t\t\t\t<\/div>\n\t\t\t\t<\/div>\n\t\t\t\t<div class=\"elementor-element elementor-element-9bda055 elementor-widget elementor-widget-heading\" data-id=\"9bda055\" data-element_type=\"widget\" data-widget_type=\"heading.default\">\n\t\t\t\t<div class=\"elementor-widget-container\">\n\t\t\t\t\t<h2 class=\"elementor-heading-title elementor-size-default\">Aufbewahrungsfrist<\/h2>\t\t\t\t<\/div>\n\t\t\t\t<\/div>\n\t\t\t\t<div class=\"elementor-element elementor-element-3605da2 elementor-widget elementor-widget-text-editor\" data-id=\"3605da2\" data-element_type=\"widget\" data-widget_type=\"text-editor.default\">\n\t\t\t\t<div class=\"elementor-widget-container\">\n\t\t\t\t\t\t\t\t\t<p data-start=\"1352\" data-end=\"1396\">Personenbezogene Daten werden nur f\u00fcr den Zeitraum aufbewahrt, der f\u00fcr die beschriebenen Zwecke oder gem\u00e4\u00df den gesetzlichen Bestimmungen erforderlich ist.<\/p>\t\t\t\t\t\t\t\t<\/div>\n\t\t\t\t<\/div>\n\t\t\t\t<div class=\"elementor-element elementor-element-9a659ce elementor-widget elementor-widget-heading\" data-id=\"9a659ce\" data-element_type=\"widget\" data-widget_type=\"heading.default\">\n\t\t\t\t<div class=\"elementor-widget-container\">\n\t\t\t\t\t<h2 class=\"elementor-heading-title elementor-size-default\">Rechte der betroffenen Person<\/h2>\t\t\t\t<\/div>\n\t\t\t\t<\/div>\n\t\t\t\t<div class=\"elementor-element elementor-element-04d874f elementor-widget elementor-widget-text-editor\" data-id=\"04d874f\" data-element_type=\"widget\" data-widget_type=\"text-editor.default\">\n\t\t\t\t<div class=\"elementor-widget-container\">\n\t\t\t\t\t\t\t\t\t<p data-start=\"1820\" data-end=\"1927\">Gem\u00e4\u00df der Datenschutz-Grundverordnung (DSGVO) stehen Ihnen folgende Rechte zu:<\/p>\n<ul data-start=\"1929\" data-end=\"2189\">\n<li data-start=\"1929\" data-end=\"1967\">\n<p data-start=\"1931\" data-end=\"1967\">Zugriff auf Ihre pers\u00f6nlichen Daten<\/p>\n<\/li>\n<li data-start=\"1968\" data-end=\"2020\">\n<p data-start=\"1970\" data-end=\"2020\">Korrigieren oder aktualisieren Sie ungenaue Daten<\/p>\n<\/li>\n<li data-start=\"2021\" data-end=\"2061\">\n<p data-start=\"2023\" data-end=\"2061\">Fordern Sie die L\u00f6schung Ihrer Daten an<\/p>\n<\/li>\n<li data-start=\"2062\" data-end=\"2103\">\n<p data-start=\"2064\" data-end=\"2103\">Einschr\u00e4nkung der Verarbeitung oder Widerspruch gegen die Verarbeitung<\/p>\n<\/li>\n<li data-start=\"2104\" data-end=\"2148\">\n<p data-start=\"2106\" data-end=\"2148\">Ihre Einwilligung jederzeit widerrufen<\/p>\n<\/li>\n<li data-start=\"2149\" data-end=\"2189\">\n<p data-start=\"2151\" data-end=\"2189\">Fordern Sie die Portabilit\u00e4t Ihrer Daten an<\/p>\n<\/li>\n<\/ul>\n<p data-start=\"2191\" data-end=\"2253\">Um diese Rechte auszu\u00fcben, kontaktieren Sie uns unter: <a class=\"cursor-pointer\" rel=\"noopener\" data-start=\"2237\" data-end=\"2251\">info@zoopet.lu<\/a><\/p>\t\t\t\t\t\t\t\t<\/div>\n\t\t\t\t<\/div>\n\t\t\t\t<div class=\"elementor-element elementor-element-c0bf107 elementor-widget elementor-widget-heading\" data-id=\"c0bf107\" data-element_type=\"widget\" data-widget_type=\"heading.default\">\n\t\t\t\t<div class=\"elementor-widget-container\">\n\t\t\t\t\t<h2 class=\"elementor-heading-title elementor-size-default\">Sicherheit und Datenschutz<\/h2>\t\t\t\t<\/div>\n\t\t\t\t<\/div>\n\t\t\t\t<div class=\"elementor-element elementor-element-49ba1ab elementor-widget elementor-widget-text-editor\" data-id=\"49ba1ab\" data-element_type=\"widget\" data-widget_type=\"text-editor.default\">\n\t\t\t\t<div class=\"elementor-widget-container\">\n\t\t\t\t\t\t\t\t\t<p data-start=\"1820\" data-end=\"1927\">Wir ergreifen geeignete technische und organisatorische Ma\u00dfnahmen zum Schutz Ihrer personenbezogenen Daten. Allerdings ist keine \u00dcbertragung \u00fcber das Internet vollkommen sicher.<\/p>\t\t\t\t\t\t\t\t<\/div>\n\t\t\t\t<\/div>\n\t\t\t\t<div class=\"elementor-element elementor-element-f195298 elementor-widget elementor-widget-heading\" data-id=\"f195298\" data-element_type=\"widget\" data-widget_type=\"heading.default\">\n\t\t\t\t<div class=\"elementor-widget-container\">\n\t\t\t\t\t<h2 class=\"elementor-heading-title elementor-size-default\">Cookies-Richtlinie<\/h2>\t\t\t\t<\/div>\n\t\t\t\t<\/div>\n\t\t\t\t<div class=\"elementor-element elementor-element-e2f5f8a elementor-widget elementor-widget-heading\" data-id=\"e2f5f8a\" data-element_type=\"widget\" data-widget_type=\"heading.default\">\n\t\t\t\t<div class=\"elementor-widget-container\">\n\t\t\t\t\t<h2 class=\"elementor-heading-title elementor-size-default\">Was sind Cookies?<\/h2>\t\t\t\t<\/div>\n\t\t\t\t<\/div>\n\t\t\t\t<div class=\"elementor-element elementor-element-4643ed7 elementor-widget elementor-widget-text-editor\" data-id=\"4643ed7\" data-element_type=\"widget\" data-widget_type=\"text-editor.default\">\n\t\t\t\t<div class=\"elementor-widget-container\">\n\t\t\t\t\t\t\t\t\t<p data-start=\"1820\" data-end=\"1927\">Cookies sind kleine Textdateien, die beim Besuch einer Website in Ihrem Browser gespeichert werden. Sie tragen dazu bei, Ihr Surferlebnis zu verbessern, die Zielgruppe der Website zu messen und die angezeigten Inhalte zu personalisieren.<\/p>\t\t\t\t\t\t\t\t<\/div>\n\t\t\t\t<\/div>\n\t\t\t\t<div class=\"elementor-element elementor-element-01888aa elementor-widget elementor-widget-heading\" data-id=\"01888aa\" data-element_type=\"widget\" data-widget_type=\"heading.default\">\n\t\t\t\t<div class=\"elementor-widget-container\">\n\t\t\t\t\t<h2 class=\"elementor-heading-title elementor-size-default\">Arten der verwendeten Cookies:<\/h2>\t\t\t\t<\/div>\n\t\t\t\t<\/div>\n\t\t\t\t<div class=\"elementor-element elementor-element-2dbf378 elementor-widget elementor-widget-text-editor\" data-id=\"2dbf378\" data-element_type=\"widget\" data-widget_type=\"text-editor.default\">\n\t\t\t\t<div class=\"elementor-widget-container\">\n\t\t\t\t\t\t\t\t\t<ul>\n<li data-start=\"2810\" data-end=\"2880\">\n<p data-start=\"2812\" data-end=\"2880\">Essentielle Cookies: notwendig f\u00fcr das ordnungsgem\u00e4\u00dfe Funktionieren der Website<\/p>\n<\/li>\n<li data-start=\"2881\" data-end=\"3000\">\n<p data-start=\"2883\" data-end=\"3000\">Analytische Cookies: um zu verstehen, wie Besucher mit der Website interagieren (z. B. Google Analytics)<\/p>\n<\/li>\n<li data-start=\"3001\" data-end=\"3062\">\n<p data-start=\"3003\" data-end=\"3062\">Funktionale Cookies: um Ihre Pr\u00e4ferenzen zu speichern<\/p>\n<\/li>\n<li data-start=\"3063\" data-end=\"3150\">\n<p data-start=\"3065\" data-end=\"3150\">Werbe-Cookies: um Ihnen gezielte Werbung anzubieten (falls zutreffend)<\/p>\n<\/li>\n<\/ul>\t\t\t\t\t\t\t\t<\/div>\n\t\t\t\t<\/div>\n\t\t\t\t<div class=\"elementor-element elementor-element-ba137a7 elementor-widget elementor-widget-heading\" data-id=\"ba137a7\" data-element_type=\"widget\" data-widget_type=\"heading.default\">\n\t\t\t\t<div class=\"elementor-widget-container\">\n\t\t\t\t\t<h2 class=\"elementor-heading-title elementor-size-default\">Zustimmung<\/h2>\t\t\t\t<\/div>\n\t\t\t\t<\/div>\n\t\t\t\t<div class=\"elementor-element elementor-element-e2c47f2 elementor-widget elementor-widget-text-editor\" data-id=\"e2c47f2\" data-element_type=\"widget\" data-widget_type=\"text-editor.default\">\n\t\t\t\t<div class=\"elementor-widget-container\">\n\t\t\t\t\t\t\t\t\t<p data-start=\"3174\" data-end=\"3287\">Beim ersten Besuch unserer Website werden Sie durch ein Banner \u00fcber die Verwendung von Cookies informiert. Sie k\u00f6nnen:<\/p>\n<ul data-start=\"3289\" data-end=\"3395\">\n<li data-start=\"3289\" data-end=\"3318\">\n<p data-start=\"3291\" data-end=\"3318\">Alle Cookies akzeptieren<\/p>\n<\/li>\n<li data-start=\"3319\" data-end=\"3357\">\n<p data-start=\"3321\" data-end=\"3357\">Nicht notwendige Cookies ablehnen<\/p>\n<\/li>\n<li data-start=\"3358\" data-end=\"3395\">\n<p data-start=\"3360\" data-end=\"3395\">Verwalten Sie Ihre Einstellungen nach Kategorie<\/p>\n<\/li>\n<\/ul>\n<p data-start=\"3397\" data-end=\"3476\">Sie k\u00f6nnen Cookies auch direkt in Ihrem Browser konfigurieren.<\/p>\t\t\t\t\t\t\t\t<\/div>\n\t\t\t\t<\/div>\n\t\t\t\t<div class=\"elementor-element elementor-element-d776dc2 elementor-widget elementor-widget-heading\" data-id=\"d776dc2\" data-element_type=\"widget\" data-widget_type=\"heading.default\">\n\t\t\t\t<div class=\"elementor-widget-container\">\n\t\t\t\t\t<h2 class=\"elementor-heading-title elementor-size-default\">Cookies von Drittanbietern<\/h2>\t\t\t\t<\/div>\n\t\t\t\t<\/div>\n\t\t\t\t<div class=\"elementor-element elementor-element-87717db elementor-widget elementor-widget-text-editor\" data-id=\"87717db\" data-element_type=\"widget\" data-widget_type=\"text-editor.default\">\n\t\t\t\t<div class=\"elementor-widget-container\">\n\t\t\t\t\t\t\t\t\t<p data-start=\"3174\" data-end=\"3287\">Wir verwenden externe Dienste (wie Google, Meta, YouTube), die m\u00f6glicherweise Cookies in Ihrem Browser platzieren. Diese Cookies unterliegen den jeweiligen Datenschutzrichtlinien dieser Dienste.<\/p>\t\t\t\t\t\t\t\t<\/div>\n\t\t\t\t<\/div>\n\t\t\t\t<div class=\"elementor-element elementor-element-5a514b5 elementor-widget elementor-widget-heading\" data-id=\"5a514b5\" data-element_type=\"widget\" data-widget_type=\"heading.default\">\n\t\t\t\t<div class=\"elementor-widget-container\">\n\t\t\t\t\t<h2 class=\"elementor-heading-title elementor-size-default\">Zoopet Luxemburg, 8. August 2025<\/h2>\t\t\t\t<\/div>\n\t\t\t\t<\/div>\n\t\t\t\t\t<\/div>\n\t\t\t\t<\/div>\n\t\t\t\t<\/div>","protected":false},"excerpt":{"rendered":"<p>Politique de Confidentialit\u00e9 et de Cookies Champ d\u2019application Zoopet respecte la vie priv\u00e9e de ses utilisateurs et s&rsquo;engage \u00e0 prot\u00e9ger [&hellip;]<\/p>","protected":false},"author":1,"featured_media":0,"parent":0,"menu_order":0,"comment_status":"closed","ping_status":"closed","template":"","meta":{"site-sidebar-layout":"default","site-content-layout":"","ast-site-content-layout":"default","site-content-style":"default","site-sidebar-style":"default","ast-global-header-display":"","ast-banner-title-visibility":"","ast-main-header-display":"","ast-hfb-above-header-display":"","ast-hfb-below-header-display":"","ast-hfb-mobile-header-display":"","site-post-title":"","ast-breadcrumbs-content":"","ast-featured-img":"","footer-sml-layout":"","theme-transparent-header-meta":"","adv-header-id-meta":"","stick-header-meta":"","header-above-stick-meta":"","header-main-stick-meta":"","header-below-stick-meta":"","astra-migrate-meta-layouts":"default","ast-page-background-enabled":"default","ast-page-background-meta":{"desktop":{"background-color":"var(--ast-global-color-4)","background-image":"","background-repeat":"repeat","background-position":"center center","background-size":"auto","background-attachment":"scroll","background-type":"","background-media":"","overlay-type":"","overlay-color":"","overlay-opacity":"","overlay-gradient":""},"tablet":{"background-color":"","background-image":"","background-repeat":"repeat","background-position":"center center","background-size":"auto","background-attachment":"scroll","background-type":"","background-media":"","overlay-type":"","overlay-color":"","overlay-opacity":"","overlay-gradient":""},"mobile":{"background-color":"","background-image":"","background-repeat":"repeat","background-position":"center center","background-size":"auto","background-attachment":"scroll","background-type":"","background-media":"","overlay-type":"","overlay-color":"","overlay-opacity":"","overlay-gradient":""}},"ast-content-background-meta":{"desktop":{"background-color":"var(--ast-global-color-5)","background-image":"","background-repeat":"repeat","background-position":"center center","background-size":"auto","background-attachment":"scroll","background-type":"","background-media":"","overlay-type":"","overlay-color":"","overlay-opacity":"","overlay-gradient":""},"tablet":{"background-color":"var(--ast-global-color-5)","background-image":"","background-repeat":"repeat","background-position":"center center","background-size":"auto","background-attachment":"scroll","background-type":"","background-media":"","overlay-type":"","overlay-color":"","overlay-opacity":"","overlay-gradient":""},"mobile":{"background-color":"var(--ast-global-color-5)","background-image":"","background-repeat":"repeat","background-position":"center center","background-size":"auto","background-attachment":"scroll","background-type":"","background-media":"","overlay-type":"","overlay-color":"","overlay-opacity":"","overlay-gradient":""}},"footnotes":""},"class_list":["post-3","page","type-page","status-publish","hentry"],"_links":{"self":[{"href":"https:\/\/zoopet.lu\/de\/wp-json\/wp\/v2\/pages\/3","targetHints":{"allow":["GET"]}}],"collection":[{"href":"https:\/\/zoopet.lu\/de\/wp-json\/wp\/v2\/pages"}],"about":[{"href":"https:\/\/zoopet.lu\/de\/wp-json\/wp\/v2\/types\/page"}],"author":[{"embeddable":true,"href":"https:\/\/zoopet.lu\/de\/wp-json\/wp\/v2\/users\/1"}],"replies":[{"embeddable":true,"href":"https:\/\/zoopet.lu\/de\/wp-json\/wp\/v2\/comments?post=3"}],"version-history":[{"count":49,"href":"https:\/\/zoopet.lu\/de\/wp-json\/wp\/v2\/pages\/3\/revisions"}],"predecessor-version":[{"id":1123,"href":"https:\/\/zoopet.lu\/de\/wp-json\/wp\/v2\/pages\/3\/revisions\/1123"}],"wp:attachment":[{"href":"https:\/\/zoopet.lu\/de\/wp-json\/wp\/v2\/media?parent=3"}],"curies":[{"name":"wp","href":"https:\/\/api.w.org\/{rel}","templated":true}]}}